{"id":40,"date":"2025-10-19T02:15:50","date_gmt":"2025-10-19T02:15:50","guid":{"rendered":"https:\/\/cuartosags.com\/smart\/?post_type=product&#038;p=40"},"modified":"2025-10-19T02:15:53","modified_gmt":"2025-10-19T02:15:53","slug":"renta-local-comercial-av-adolfo-lopez-mateos-217","status":"publish","type":"product","link":"https:\/\/cuartosags.com\/smart\/product\/renta-local-comercial-av-adolfo-lopez-mateos-217\/","title":{"rendered":"Renta Local Comercial Av. Adolfo L\u00f3pez Mateos, 217"},"content":{"rendered":"<p>Renta de Local Comercial en Av. Adolfo L\u00f3pez Mateos 217<\/p>\n<p>Precio: $9,500 al mes*<br \/>\nDescripci\u00f3n:<br \/>\nBa\u00f1o en Planta Baja<br \/>\nSolo se renta el local, la planta alta\u00a0 ya esta rentada<br \/>\nEl inmueble cuenta con agua potable, alcantarillado, electrificaci\u00f3n, alumbrado, recolecci\u00f3n de basura, pavimento de adocreto y seguridad a cargo de administraci\u00f3n municipal<\/p>\n<p>Medidas:<br \/>\nSuperficioe 60.90 m2<br \/>\nFrente 5.40 m (Av L\u00f3pez Mateos)<br \/>\nFondo\u00a0 12 m<\/p>\n<p>REQUISITOS DEL ARRENDATARIO (inquilino):<br \/>\nGiro de su comercio<br \/>\nIdentificaci\u00f3n oficial vigente<br \/>\nComprobante de domicilio reciente (m\u00e1x. 3 meses).<br \/>\nComprobantes de solvencia<br \/>\nFiador<\/p>\n<p>REQUISITOS DEL FIADOR:<br \/>\nIdentificaci\u00f3n oficial vigente.<br \/>\nComprobante de domicilio.<br \/>\nFiador con propiedad indispensable \/ libertad de gravamen reciente (o p\u00f3liza jur\u00eddica).<\/p>\n<p>CONDICIONES GENERALES:<br \/>\nDep\u00f3sito en garant\u00eda: equivalente a 1 mes de renta.<br \/>\nFirma de contrato m\u00ednimo por 1 a\u00f1o.<\/p>\n<p>Direcci\u00f3n: Av. Adolfo L\u00f3pez Mateos Ote. 217, Barrio del Encino, 20240 Aguascalientes, Ags.<\/p>\n<p><iframe style=\"border: 0;\" data-src=\"https:\/\/www.google.com\/maps\/embed?pb=!1m18!1m12!1m3!1d3702.451874880806!2d-102.29678758749375!3d21.878668479908555!2m3!1f0!2f0!3f0!3m2!1i1024!2i768!4f13.1!3m3!1m2!1s0x8429ee7b84df1cd1%3A0x90ee0e5ede78337a!2sAv.%20Adolfo%20L%C3%B3pez%20Mateos%20Ote.%20217%2C%20Barrio%20del%20Encino%2C%2020240%20Aguascalientes%2C%20Ags.!5e0!3m2!1ses-419!2smx!4v1760840105914!5m2!1ses-419!2smx\" width=\"600\" height=\"450\" allowfullscreen=\"allowfullscreen\" src=\"data:image\/svg+xml;base64,PHN2ZyB3aWR0aD0iMSIgaGVpZ2h0PSIxIiB4bWxucz0iaHR0cDovL3d3dy53My5vcmcvMjAwMC9zdmciPjwvc3ZnPg==\" class=\"lazyload\" data-load-mode=\"1\"><\/iframe><\/p>\n","protected":false},"excerpt":{"rendered":"<p>Renta de Local Comercial en Av. Adolfo L\u00f3pez Mateos 217<\/p>\n","protected":false},"featured_media":53,"comment_status":"open","ping_status":"closed","template":"","meta":{"_joinchat":[]},"product_brand":[],"product_cat":[19],"product_tag":[],"class_list":{"0":"post-40","1":"product","2":"type-product","3":"status-publish","4":"has-post-thumbnail","6":"product_cat-propiedades-en-renta","8":"first","9":"instock","10":"shipping-taxable","11":"purchasable","12":"product-type-simple"},"_links":{"self":[{"href":"https:\/\/cuartosags.com\/smart\/wp-json\/wp\/v2\/product\/40","targetHints":{"allow":["GET"]}}],"collection":[{"href":"https:\/\/cuartosags.com\/smart\/wp-json\/wp\/v2\/product"}],"about":[{"href":"https:\/\/cuartosags.com\/smart\/wp-json\/wp\/v2\/types\/product"}],"replies":[{"embeddable":true,"href":"https:\/\/cuartosags.com\/smart\/wp-json\/wp\/v2\/comments?post=40"}],"wp:featuredmedia":[{"embeddable":true,"href":"https:\/\/cuartosags.com\/smart\/wp-json\/wp\/v2\/media\/53"}],"wp:attachment":[{"href":"https:\/\/cuartosags.com\/smart\/wp-json\/wp\/v2\/media?parent=40"}],"wp:term":[{"taxonomy":"product_brand","embeddable":true,"href":"https:\/\/cuartosags.com\/smart\/wp-json\/wp\/v2\/product_brand?post=40"},{"taxonomy":"product_cat","embeddable":true,"href":"https:\/\/cuartosags.com\/smart\/wp-json\/wp\/v2\/product_cat?post=40"},{"taxonomy":"product_tag","embeddable":true,"href":"https:\/\/cuartosags.com\/smart\/wp-json\/wp\/v2\/product_tag?post=40"}],"curies":[{"name":"wp","href":"https:\/\/api.w.org\/{rel}","templated":true}]}}